{"id":647,"date":"2023-08-28T11:42:10","date_gmt":"2023-08-28T09:42:10","guid":{"rendered":"https:\/\/szablon.uniwersytet.ignatianum.edu.pl\/?page_id=647"},"modified":"2023-09-03T10:38:14","modified_gmt":"2023-09-03T10:38:14","slug":"strona-glowna","status":"publish","type":"page","link":"https:\/\/studia.ignatianum.edu.pl\/en\/","title":{"rendered":"Strona g\u0142\u00f3wna"},"content":{"rendered":"\n<div class=\"wp-block-uagb-slider bs-baner alignfull uagb-block-b5d28aa9 uagb-slider-container\"><div class=\"uagb-slides uagb-swiper\"><div class=\"swiper-wrapper\">\n<div class=\"wp-block-uagb-slider-child uagb-slider-child-wrap swiper-slide uagb-block-6b062003\"><div class=\"swiper-content\">\n<div class=\"wp-block-uagb-container uagb-block-37db9cc4 alignfull uagb-is-root-container\"><div class=\"uagb-container-inner-blocks-wrap\">\n<div class=\"wp-block-uagb-info-box uagb-block-5de951aa uagb-infobox__content-wrap  uagb-infobox-icon-above-title uagb-infobox-image-valign-top home-baner\"><div class=\"uagb-ifb-content\"><div class=\"uagb-ifb-title-wrap\"><h2 class=\"uagb-ifb-title\">Rekrutacja 2023\/2024<\/h2><\/div><p class=\"uagb-ifb-desc\">Dowiedz si\u0119 co mo\u017cesz studiowa\u0107<\/p><div class=\"uagb-ifb-button-wrapper wp-block-button\"><a href=\"#\" class=\"uagb-infobox-cta-link wp-block-button__link\" target=\"_self\" rel=\"noopener noreferrer\" onclick=\"return false;\" alt=\"\"><span class=\"uagb-inline-editing\">Lista kierunk\u00f3w<\/span><\/a><\/div><\/div><\/div>\n<\/div><\/div>\n<\/div><\/div>\n\n\n\n<div class=\"wp-block-uagb-slider-child uagb-slider-child-wrap swiper-slide uagb-block-2f454a33\"><div class=\"swiper-content\">\n<div class=\"wp-block-uagb-container uagb-block-365f2228 alignfull uagb-is-root-container\"><div class=\"uagb-container-inner-blocks-wrap\">\n<div class=\"wp-block-uagb-info-box uagb-block-181e8709 uagb-infobox__content-wrap  uagb-infobox-icon-above-title uagb-infobox-image-valign-top home-baner\"><div class=\"uagb-ifb-content\"><div class=\"uagb-ifb-title-wrap\"><h2 class=\"uagb-ifb-title\">Sprawd\u017a jaki kierunek studiowa\u0107<\/h2><\/div><p class=\"uagb-ifb-desc\">Skorzystaj z naszego quizu online, kt\u00f3ry na podstawie Twoich zainteresowa\u0144 podpowie Ci jaki b\u0119dzie idealny i rozwinie Twoje pasje<\/p><div class=\"uagb-ifb-button-wrapper wp-block-button\"><a href=\"#\" class=\"uagb-infobox-cta-link wp-block-button__link\" target=\"_self\" rel=\"noopener noreferrer\" onclick=\"return false;\" alt=\"\"><span class=\"uagb-inline-editing\">Quiz online<\/span><\/a><\/div><\/div><\/div>\n<\/div><\/div>\n<\/div><\/div>\n<\/div><\/div><div class=\"swiper-button-prev\"><\/div><div class=\"swiper-button-next\"><\/div><\/div>\n\n\n\n<div class=\"wp-block-uagb-container bs-news uagb-block-fc596031 default uagb-is-root-container\">\n<div class=\"wp-block-uagb-container uagb-block-d0703ee3\">\n<div class=\"wp-block-uagb-container uagb-block-c4087556\">\n<p class=\"bs-text-separator\">CO NOWEGO<\/p>\n\n\n\n<h2 class=\"wp-block-heading\">Aktualno\u015bci<\/h2>\n<\/div>\n\n\n\n<div class=\"wp-block-uagb-container uag-hide-mob uagb-block-004856d8\"><\/div>\n\n\n\n<div class=\"wp-block-uagb-container uag-hide-mob uagb-block-bff7df9e\">\n<div class=\"wp-block-buttons is-horizontal is-content-justification-right is-nowrap is-layout-flex wp-container-core-buttons-is-layout-1 wp-block-buttons-is-layout-flex\"><\/div>\n<\/div>\n<\/div>\n\n\n\n<div class=\"wp-block-uagb-container bs-news-block uagb-block-e0071688 alignfull uagb-is-root-container\"><div class=\"uagb-container-inner-blocks-wrap\">\n<div class=\"wp-block-uagb-container uagb-block-c9e1fd69\">\n<div class=\"wp-block-uagb-container uagb-block-f4466b00\">\n\t\t\t<div class=\"wp-block-uagb-post-grid uagb-post-grid bs-grid-news uagb-post__image-position-top uagb-post__image-enabled uagb-block-97d4a01d     uagb-post__items uagb-post__columns-2 is-grid uagb-post__columns-tablet-2 uagb-post__columns-mobile-1 uagb-post__equal-height\" data-total=\"0\" style=\"\">\n\n\t\t\t\t\t\t\t\t\t<p class=\"uagb-post__no-posts\">\n\t\t\t\t\t\tNo post found!\t\t\t\t\t<\/p>\n\t\t\t\t\t\t\t\t<\/div>\n\t\t\t<\/div>\n<\/div>\n\n\n\n<div class=\"wp-block-uagb-container uagb-block-1912925b\">\n\t\t\t<div class=\"wp-block-uagb-post-grid uagb-post-grid bs-post-list uagb-post__image-position-top uagb-post__image-disabled uagb-block-6e27369a     uagb-post__items uagb-post__columns-1 is-grid uagb-post__columns-tablet-2 uagb-post__columns-mobile-1 uagb-post__equal-height\" data-total=\"0\" style=\"\">\n\n\t\t\t\t\t\t\t\t\t<p class=\"uagb-post__no-posts\">\n\t\t\t\t\t\tNo post found!\t\t\t\t\t<\/p>\n\t\t\t\t\t\t\t\t<\/div>\n\t\t\t\n\n\n<div class=\"wp-block-buttons is-layout-flex wp-container-core-buttons-is-layout-2 wp-block-buttons-is-layout-flex\">\n<div class=\"wp-block-button has-custom-width wp-block-button__width-100\"><a class=\"wp-block-button__link wp-element-button\">Zobacz wszystkie aktualno\u015bci<\/a><\/div>\n<\/div>\n<\/div>\n<\/div><\/div>\n<\/div>\n\n\n\n<div class=\"wp-block-uagb-slider bs-slider alignfull uagb-block-1de96058 uagb-slider-container\"><div class=\"uagb-slides uagb-swiper\"><div class=\"swiper-wrapper\">\n<div class=\"wp-block-uagb-slider-child uagb-slider-child-wrap swiper-slide uagb-block-3c492268\"><div class=\"swiper-content\">\n<div class=\"wp-block-columns is-layout-flex wp-container-core-columns-is-layout-1 wp-block-columns-is-layout-flex\">\n<div class=\"wp-block-column bs-slider-text is-layout-flow wp-block-column-is-layout-flow\" style=\"padding-top:25px\">\n<p class=\"bs-text-separator\">REKRUTACJA 2023\/2024<\/p>\n\n\n\n<h2 class=\"wp-block-heading\">Znajd\u017a kierunek dla siebie<\/h2>\n\n\n\n<p>Skorzystaj z naszego interaktywnego quizu i sprawd\u017a, kt\u00f3ry kierunek b\u0119dzie idealny dla Ciebie.<\/p>\n\n\n\n<div class=\"wp-block-buttons is-layout-flex wp-block-buttons-is-layout-flex\">\n<div class=\"wp-block-button\"><a class=\"wp-block-button__link wp-element-button\">Co studiowa\u0107?<\/a><\/div>\n<\/div>\n<\/div>\n\n\n\n<div class=\"wp-block-column bs-slider-image is-layout-flow wp-block-column-is-layout-flow\">\n<figure class=\"wp-block-image alignright size-full\"><img decoding=\"async\" width=\"1024\" height=\"682\" src=\"https:\/\/studia.uniwersytet.ignatianum.edu.pl\/wp-content\/uploads\/sites\/4\/2023\/08\/Fot.2-1024x682-1.jpg\" alt=\"\" class=\"wp-image-52\" style=\"object-fit:cover\" srcset=\"https:\/\/studia.ignatianum.edu.pl\/wp-content\/uploads\/sites\/23\/2023\/08\/Fot.2-1024x682-1.jpg 1024w, https:\/\/studia.ignatianum.edu.pl\/wp-content\/uploads\/sites\/23\/2023\/08\/Fot.2-1024x682-1-300x200.jpg 300w, https:\/\/studia.ignatianum.edu.pl\/wp-content\/uploads\/sites\/23\/2023\/08\/Fot.2-1024x682-1-768x512.jpg 768w\" sizes=\"(max-width: 1024px) 100vw, 1024px\" \/><\/figure>\n<\/div>\n<\/div>\n<\/div><\/div>\n\n\n\n<div class=\"wp-block-uagb-slider-child uagb-slider-child-wrap swiper-slide uagb-block-29847bf5\"><div class=\"swiper-content\">\n<div class=\"wp-block-columns is-layout-flex wp-container-core-columns-is-layout-2 wp-block-columns-is-layout-flex\">\n<div class=\"wp-block-column bs-slider-text is-layout-flow wp-block-column-is-layout-flow\" style=\"padding-top:25px\">\n<p class=\"bs-text-separator\">REKRUTACJA 2023\/2024<\/p>\n\n\n\n<h2 class=\"wp-block-heading\">Sprawd\u017a swoje szanse!<\/h2>\n\n\n\n<p>Zobacz progi punktowe z ubieg\u0142orocznej rekrutacji.<br>Zaprezentowane progi prosimy traktowa\u0107 orientacyjne. To jakie wyniki wystarcz\u0105, aby dosta\u0107 si\u0119 na studia w tym roku uzale\u017cnione b\u0119dzie od og\u00f3lnego poziomu matury i liczby ch\u0119tnych na konkretne kierunki.<\/p>\n\n\n\n<div class=\"wp-block-buttons is-layout-flex wp-block-buttons-is-layout-flex\">\n<div class=\"wp-block-button\"><a class=\"wp-block-button__link wp-element-button\">Sprawd\u017a<\/a><\/div>\n<\/div>\n<\/div>\n\n\n\n<div class=\"wp-block-column bs-slider-image is-layout-flow wp-block-column-is-layout-flow\">\n<figure class=\"wp-block-image alignright size-full\"><img decoding=\"async\" width=\"1024\" height=\"682\" src=\"http:\/\/studia.uniwersytet.ignatianum.edu.pl\/wp-content\/uploads\/sites\/4\/2023\/08\/fot_piotrszalanski.pl_8618_Easy-Resize.com_-1024x682-1.jpg\" alt=\"\" class=\"wp-image-75\" style=\"object-fit:cover\" srcset=\"https:\/\/studia.ignatianum.edu.pl\/wp-content\/uploads\/sites\/23\/2023\/08\/fot_piotrszalanski.pl_8618_Easy-Resize.com_-1024x682-1.jpg 1024w, https:\/\/studia.ignatianum.edu.pl\/wp-content\/uploads\/sites\/23\/2023\/08\/fot_piotrszalanski.pl_8618_Easy-Resize.com_-1024x682-1-300x200.jpg 300w, https:\/\/studia.ignatianum.edu.pl\/wp-content\/uploads\/sites\/23\/2023\/08\/fot_piotrszalanski.pl_8618_Easy-Resize.com_-1024x682-1-768x512.jpg 768w\" sizes=\"(max-width: 1024px) 100vw, 1024px\" \/><\/figure>\n<\/div>\n<\/div>\n<\/div><\/div>\n\n\n\n<div class=\"wp-block-uagb-slider-child uagb-slider-child-wrap swiper-slide uagb-block-78292469\"><div class=\"swiper-content\">\n<div class=\"wp-block-columns is-layout-flex wp-container-core-columns-is-layout-3 wp-block-columns-is-layout-flex\">\n<div class=\"wp-block-column bs-slider-text is-layout-flow wp-block-column-is-layout-flow\" style=\"padding-top:25px\">\n<p class=\"bs-text-separator\">REKRUTACJA 2023\/2024<\/p>\n\n\n\n<h2 class=\"wp-block-heading\">Sprawd\u017a swoje szanse!<\/h2>\n\n\n\n<p>Zobacz progi punktowe z ubieg\u0142orocznej rekrutacji.<br>Zaprezentowane progi prosimy traktowa\u0107 orientacyjne. To jakie wyniki wystarcz\u0105, aby dosta\u0107 si\u0119 na studia w tym roku uzale\u017cnione b\u0119dzie od og\u00f3lnego poziomu matury i liczby ch\u0119tnych na konkretne kierunki.<\/p>\n\n\n\n<div class=\"wp-block-buttons is-layout-flex wp-block-buttons-is-layout-flex\">\n<div class=\"wp-block-button\"><a class=\"wp-block-button__link wp-element-button\">Sprawd\u017a<\/a><\/div>\n<\/div>\n<\/div>\n\n\n\n<div class=\"wp-block-column bs-slider-image is-layout-flow wp-block-column-is-layout-flow\">\n<figure class=\"wp-block-image alignright size-full\"><img decoding=\"async\" width=\"1024\" height=\"682\" src=\"http:\/\/studia.uniwersytet.ignatianum.edu.pl\/wp-content\/uploads\/sites\/4\/2023\/08\/fot_piotrszalanski.pl_8618_Easy-Resize.com_-1024x682-1.jpg\" alt=\"\" class=\"wp-image-75\" style=\"object-fit:cover\" srcset=\"https:\/\/studia.ignatianum.edu.pl\/wp-content\/uploads\/sites\/23\/2023\/08\/fot_piotrszalanski.pl_8618_Easy-Resize.com_-1024x682-1.jpg 1024w, https:\/\/studia.ignatianum.edu.pl\/wp-content\/uploads\/sites\/23\/2023\/08\/fot_piotrszalanski.pl_8618_Easy-Resize.com_-1024x682-1-300x200.jpg 300w, https:\/\/studia.ignatianum.edu.pl\/wp-content\/uploads\/sites\/23\/2023\/08\/fot_piotrszalanski.pl_8618_Easy-Resize.com_-1024x682-1-768x512.jpg 768w\" sizes=\"(max-width: 1024px) 100vw, 1024px\" \/><\/figure>\n<\/div>\n<\/div>\n<\/div><\/div>\n<\/div><\/div><div class=\"swiper-button-prev\"><\/div><div class=\"swiper-button-next\"><\/div><\/div>\n\n\n\n<div class=\"wp-block-columns bs-block-map is-layout-flex wp-container-core-columns-is-layout-5 wp-block-columns-is-layout-flex\" style=\"margin-top:120px\">\n<div class=\"wp-block-column is-layout-flow wp-block-column-is-layout-flow\">\n<div class=\"wp-block-columns is-layout-flex wp-container-core-columns-is-layout-4 wp-block-columns-is-layout-flex\">\n<div class=\"wp-block-column bs-map-column is-layout-flow wp-block-column-is-layout-flow\">\t\t\t<div \n\t\t\tclass=\"wp-block-uagb-google-map uagb-google-map__wrap uagb-block-4396c20c     \"\n\t\t\tstyle=\"\" >\n\t\t\t\t<embed\n\t\t\t\t\tclass=\"uagb-google-map__iframe\"\n\t\t\t\t\ttitle=\"Google Map for \"\n\t\t\t\t\tsrc=\"https:\/\/maps.google.com\/maps?q=Brainstorm%20Force&#038;z=12&#038;hl=en&#038;t=m&#038;output=embed&#038;iwloc=near\"\n\t\t\t\t\twidth=\"640\"\n\t\t\t\t\theight=\"420\"\n\t\t\t\t\tloading=\"lazy\"\n\t\t\t\t><\/embed>\n\t\t\t<\/div>\n\t\t\t<\/div>\n\n\n\n<div class=\"wp-block-column bs-map-text is-layout-flow wp-block-column-is-layout-flow\">\n<p class=\"bs-text-separator\">MAPA KAMPUSU<\/p>\n\n\n\n<h2 class=\"wp-block-heading\">Odkryj nasze okolice<\/h2>\n\n\n\n<p>Zlokalizowani w samym sercu Krakowa, jeste\u015bmy blisko Dworca G\u0142\u00f3wnego, co zapewnia wygodne po\u0142\u0105czenia. Nasze kampusy to miejsce, gdzie edukacja splata si\u0119 z atmosfer\u0105 miasta. Dzi\u0119ki wyj\u0105tkowej lokalizacji masz dost\u0119p do inspiruj\u0105cych budynk\u00f3w uczelni i mo\u017cesz cieszy\u0107 si\u0119 urokami Krakowa w ka\u017cdej chwili.<\/p>\n<\/div>\n<\/div>\n<\/div>\n<\/div>\n<!-- PMB print buttons is only displayed on a single post\/page URLs-->","protected":false},"excerpt":{"rendered":"CO NOWEGO Aktualno\u015bci MAPA KAMPUSU Odkryj nasze okolice Zlokalizowani w samym sercu Krakowa, jeste\u015bmy blisko Dworca G\u0142\u00f3wnego, co zapewnia wygodne po\u0142\u0105czenia. Nasze kampusy to miejsce, [&hellip;]","protected":false},"author":3,"featured_media":0,"parent":0,"menu_order":0,"comment_status":"closed","ping_status":"closed","template":"","meta":{"_acf_changed":false,"_uag_custom_page_level_css":"","site-sidebar-layout":"default","site-content-layout":"","ast-site-content-layout":"","site-content-style":"default","site-sidebar-style":"default","ast-global-header-display":"","ast-banner-title-visibility":"","ast-main-header-display":"","ast-hfb-above-header-display":"","ast-hfb-below-header-display":"","ast-hfb-mobile-header-display":"","site-post-title":"","ast-breadcrumbs-content":"","ast-featured-img":"","footer-sml-layout":"","theme-transparent-header-meta":"enabled","adv-header-id-meta":"","stick-header-meta":"","header-above-stick-meta":"","header-main-stick-meta":"","header-below-stick-meta":"","astra-migrate-meta-layouts":"default","ast-page-background-enabled":"default","ast-page-background-meta":{"desktop":{"background-color":"var(--ast-global-color-4)","background-image":"","background-repeat":"repeat","background-position":"center center","background-size":"auto","background-attachment":"scroll","background-type":"","background-media":"","overlay-type":"","overlay-color":"","overlay-opacity":"","overlay-gradient":""},"tablet":{"background-color":"","background-image":"","background-repeat":"repeat","background-position":"center center","background-size":"auto","background-attachment":"scroll","background-type":"","background-media":"","overlay-type":"","overlay-color":"","overlay-opacity":"","overlay-gradient":""},"mobile":{"background-color":"","background-image":"","background-repeat":"repeat","background-position":"center center","background-size":"auto","background-attachment":"scroll","background-type":"","background-media":"","overlay-type":"","overlay-color":"","overlay-opacity":"","overlay-gradient":""}},"ast-content-background-meta":{"desktop":{"background-color":"var(--ast-global-color-5)","background-image":"","background-repeat":"repeat","background-position":"center center","background-size":"auto","background-attachment":"scroll","background-type":"","background-media":"","overlay-type":"","overlay-color":"","overlay-opacity":"","overlay-gradient":""},"tablet":{"background-color":"var(--ast-global-color-5)","background-image":"","background-repeat":"repeat","background-position":"center center","background-size":"auto","background-attachment":"scroll","background-type":"","background-media":"","overlay-type":"","overlay-color":"","overlay-opacity":"","overlay-gradient":""},"mobile":{"background-color":"var(--ast-global-color-5)","background-image":"","background-repeat":"repeat","background-position":"center center","background-size":"auto","background-attachment":"scroll","background-type":"","background-media":"","overlay-type":"","overlay-color":"","overlay-opacity":"","overlay-gradient":""}},"ngg_post_thumbnail":0,"footnotes":""},"acf":[],"uagb_featured_image_src":{"full":false,"thumbnail":false,"medium":false,"medium_large":false,"large":false,"thumblist":false,"thumbrelated":false,"meccarouselthumb":false,"gridsquare":false,"tileview":false,"1536x1536":false,"2048x2048":false},"uagb_author_info":{"display_name":"Redaktor","author_link":"https:\/\/studia.ignatianum.edu.pl\/en\/author\/dstolarek\/"},"uagb_comment_info":0,"uagb_excerpt":"CO NOWEGO Aktualno\u015bci MAPA KAMPUSU Odkryj nasze okolice Zlokalizowani w samym sercu Krakowa, jeste\u015bmy blisko Dworca G\u0142\u00f3wnego, co zapewnia wygodne po\u0142\u0105czenia. Nasze kampusy to miejsce, [&hellip;]","_links":{"self":[{"href":"https:\/\/studia.ignatianum.edu.pl\/en\/wp-json\/wp\/v2\/pages\/647"}],"collection":[{"href":"https:\/\/studia.ignatianum.edu.pl\/en\/wp-json\/wp\/v2\/pages"}],"about":[{"href":"https:\/\/studia.ignatianum.edu.pl\/en\/wp-json\/wp\/v2\/types\/page"}],"author":[{"embeddable":true,"href":"https:\/\/studia.ignatianum.edu.pl\/en\/wp-json\/wp\/v2\/users\/3"}],"replies":[{"embeddable":true,"href":"https:\/\/studia.ignatianum.edu.pl\/en\/wp-json\/wp\/v2\/comments?post=647"}],"version-history":[{"count":2,"href":"https:\/\/studia.ignatianum.edu.pl\/en\/wp-json\/wp\/v2\/pages\/647\/revisions"}],"predecessor-version":[{"id":1360,"href":"https:\/\/studia.ignatianum.edu.pl\/en\/wp-json\/wp\/v2\/pages\/647\/revisions\/1360"}],"wp:attachment":[{"href":"https:\/\/studia.ignatianum.edu.pl\/en\/wp-json\/wp\/v2\/media?parent=647"}],"curies":[{"name":"wp","href":"https:\/\/api.w.org\/{rel}","templated":true}]}}